{"id":425,"date":"2022-06-20T10:45:26","date_gmt":"2022-06-20T15:45:26","guid":{"rendered":"http:\/\/cal-society-insurance-services.one.zysites.com\/about-us\/"},"modified":"2022-10-31T13:50:43","modified_gmt":"2022-10-31T18:50:43","slug":"about-us","status":"publish","type":"page","link":"https:\/\/www.calsociety.com\/es\/about-us\/","title":{"rendered":"Sobre nosotros"},"content":{"rendered":"<p data-ada-original-font-size=\"13\" data-ada-original-font-weight=\"400\" data-ada-not-tabbable=\"true\">Fundada en 2001, Cal-Society Insurance Services, Inc. es l\u00edder en brindar protecci\u00f3n de calidad a cientos de personas, familias y empresas en la mayor\u00eda de los estados. Nos especializamos en proporcionar programas de seguros y fianzas para camiones de comida, restaurantes, concesionarios de autos usados, talleres de reparaci\u00f3n de autom\u00f3viles, camiones de remolque\/transportadores de autom\u00f3viles y escuelas de manejo. Al trabajar con un especialista, puede consultar con un agente que tiene m\u00e1s de 25 a\u00f1os de experiencia trabajando con su tipo de negocio. Eso significa que ahorra tiempo durante el proceso de compras y reclamos. Tambi\u00e9n puede confiar en los consejos que le brinde su agente. Un servicio de atenci\u00f3n al cliente superior y tarifas bajas para seguros y fianzas, junto con nuestra capacidad para comprender las necesidades de nuestros clientes, impulsan el \u00e9xito de nuestra agencia.<\/p>\n<p data-ada-original-font-size=\"13\" data-ada-original-font-weight=\"400\" data-ada-not-tabbable=\"true\">Cal-Society Insurance Services, Inc. ofrece al mundo protecci\u00f3n de clase para su seguro, as\u00ed como sus fianzas de licencia y permiso, fianzas contractuales, fianzas judiciales y fianzas miscel\u00e1neas. Nos aseguramos de que est\u00e9 protegido hoy y en el futuro para que pueda concentrarse en lo que es importante para usted, su negocio y su familia. Nuestra prioridad n.\u00b0 1 es ayudarlo a identificar sus necesidades de seguro o fianza, al mismo tiempo que crea un plan personalizado que es simple y f\u00e1cil de entender. Si otras empresas lo han rechazado, podemos ayudarlo.<\/p>\n<p data-ada-original-font-size=\"13\" data-ada-original-font-weight=\"400\" data-ada-not-tabbable=\"true\">Le quitamos el misterio al proceso de Seguros y Fianzas haciendo que el proceso sea f\u00e1cil y r\u00e1pido. Los problemas de cr\u00e9dito no son un problema. Damos sentido a su plan de seguro para que pueda esperar un futuro m\u00e1s brillante y seguro. Para hacer esto, evaluamos su situaci\u00f3n crediticia espec\u00edfica, buena o mala, nos comprometemos a encontrar el mejor socio de garant\u00eda para usted. Y el mejor valor por su dinero, al mismo tiempo que brinda un est\u00e1ndar superior de protecci\u00f3n. Las compa\u00f1\u00edas que representamos ofrecen productos de seguros probados y confiables y un excelente servicio al cliente. Tambi\u00e9n nos aseguramos de que las compa\u00f1\u00edas de seguros y fianzas que representamos tengan una excelente reputaci\u00f3n por brindar un servicio de reclamos r\u00e1pido y justo.<\/p>\n<p data-ada-original-font-size=\"13\" data-ada-original-font-weight=\"400\" data-ada-not-tabbable=\"true\">Esperamos que se beneficie de nuestro sitio web y puede aprovechar nuestra experiencia en servirle para todas sus necesidades de seguros y fianzas. Le recomendamos que se comunique con nosotros si tiene alguna pregunta o inquietud en ingl\u00e9s, espa\u00f1ol, japon\u00e9s, armenio y farsi.<\/p>\n","protected":false},"excerpt":{"rendered":"<p>Fundada en 2001, Cal-Society Insurance Services, Inc. es l\u00edder en brindar protecci\u00f3n de calidad a cientos de personas, familias y [&hellip;]<\/p>\n","protected":false},"author":6,"featured_media":0,"parent":0,"menu_order":0,"comment_status":"closed","ping_status":"closed","template":"","meta":{"_acf_changed":false,"_seopress_robots_primary_cat":"0","_seopress_titles_title":"","_seopress_titles_desc":"","_seopress_robots_index":"","_analytify_skip_tracking":false,"footnotes":""},"class_list":["post-425","page","type-page","status-publish","hentry"],"acf":[],"_links":{"self":[{"href":"https:\/\/www.calsociety.com\/es\/wp-json\/wp\/v2\/pages\/425","targetHints":{"allow":["GET"]}}],"collection":[{"href":"https:\/\/www.calsociety.com\/es\/wp-json\/wp\/v2\/pages"}],"about":[{"href":"https:\/\/www.calsociety.com\/es\/wp-json\/wp\/v2\/types\/page"}],"author":[{"embeddable":true,"href":"https:\/\/www.calsociety.com\/es\/wp-json\/wp\/v2\/users\/6"}],"replies":[{"embeddable":true,"href":"https:\/\/www.calsociety.com\/es\/wp-json\/wp\/v2\/comments?post=425"}],"version-history":[{"count":0,"href":"https:\/\/www.calsociety.com\/es\/wp-json\/wp\/v2\/pages\/425\/revisions"}],"wp:attachment":[{"href":"https:\/\/www.calsociety.com\/es\/wp-json\/wp\/v2\/media?parent=425"}],"curies":[{"name":"wp","href":"https:\/\/api.w.org\/{rel}","templated":true}]}}